{"id":58,"date":"2024-07-12T15:27:18","date_gmt":"2024-07-12T13:27:18","guid":{"rendered":"https:\/\/wp.parrocchiadicermenate.it\/?page_id=58"},"modified":"2024-10-24T00:59:49","modified_gmt":"2024-10-23T22:59:49","slug":"santa-maria-in-campo","status":"publish","type":"page","link":"https:\/\/parrocchiadicermenate.it\/?page_id=58","title":{"rendered":"Santa Maria in vigna"},"content":{"rendered":"\n<p>La pi\u00f9 antica di tutte. <\/p>\n\n\n\n<p>Ai giorni nostri non ne rimane pi\u00f9 traccia, ma sappiamo che sorgeva in quel gruppo di case rustiche che sono a met\u00e0 della via omonima, poco prima di giungere all\u2019acquedotto comunale. <\/p>\n\n\n\n<p>La rovine della chiesa sussistevano ancora nel 1811.<\/p>\n\n\n\n<div class=\"wp-block-group is-nowrap is-layout-flex wp-container-core-group-is-layout-6c531013 wp-block-group-is-layout-flex\">\n<figure class=\"wp-block-image size-full\"><img loading=\"lazy\" decoding=\"async\" width=\"555\" height=\"640\" src=\"http:\/\/wp.parrocchiadicermenate.it\/wp-content\/uploads\/2024\/07\/vigna.jpg\" alt=\"\" class=\"wp-image-42\"\/><figcaption class=\"wp-element-caption\">Parrocchia di Cermenate &#8211; Diocesi di Como: la statua di san padre Pio nei pressi dove sorgeva la chiesina di Santa Maria in Vigna<\/figcaption><\/figure>\n<\/div>\n","protected":false},"excerpt":{"rendered":"<p>La pi\u00f9 antica di tutte. Ai giorni nostri non ne rimane pi\u00f9 traccia, ma sappiamo che sorgeva in quel gruppo di case rustiche che sono a met\u00e0 della via omonima, poco prima di giungere all\u2019acquedotto comunale. La rovine della chiesa sussistevano ancora nel 1811.<\/p>\n","protected":false},"author":1,"featured_media":0,"parent":0,"menu_order":0,"comment_status":"closed","ping_status":"open","template":"","meta":{"footnotes":""},"class_list":["post-58","page","type-page","status-publish","hentry"],"_links":{"self":[{"href":"https:\/\/parrocchiadicermenate.it\/index.php?rest_route=\/wp\/v2\/pages\/58","targetHints":{"allow":["GET"]}}],"collection":[{"href":"https:\/\/parrocchiadicermenate.it\/index.php?rest_route=\/wp\/v2\/pages"}],"about":[{"href":"https:\/\/parrocchiadicermenate.it\/index.php?rest_route=\/wp\/v2\/types\/page"}],"author":[{"embeddable":true,"href":"https:\/\/parrocchiadicermenate.it\/index.php?rest_route=\/wp\/v2\/users\/1"}],"replies":[{"embeddable":true,"href":"https:\/\/parrocchiadicermenate.it\/index.php?rest_route=%2Fwp%2Fv2%2Fcomments&post=58"}],"version-history":[{"count":4,"href":"https:\/\/parrocchiadicermenate.it\/index.php?rest_route=\/wp\/v2\/pages\/58\/revisions"}],"predecessor-version":[{"id":315,"href":"https:\/\/parrocchiadicermenate.it\/index.php?rest_route=\/wp\/v2\/pages\/58\/revisions\/315"}],"wp:attachment":[{"href":"https:\/\/parrocchiadicermenate.it\/index.php?rest_route=%2Fwp%2Fv2%2Fmedia&parent=58"}],"curies":[{"name":"wp","href":"https:\/\/api.w.org\/{rel}","templated":true}]}}