{"id":68,"date":"2024-07-12T16:08:05","date_gmt":"2024-07-12T14:08:05","guid":{"rendered":"https:\/\/wp.parrocchiadicermenate.it\/?page_id=68"},"modified":"2024-10-24T00:41:46","modified_gmt":"2024-10-23T22:41:46","slug":"san-vincenzo","status":"publish","type":"page","link":"https:\/\/parrocchiadicermenate.it\/?page_id=68","title":{"rendered":"San Vincenzo &#8211; Santuario del Crocifisso"},"content":{"rendered":"\n<p><strong>NOTIZIE STORICHE<\/strong><br>Esiste a Parmunt, il rione pi\u00f9 elevato di Cermenate, una piccola chiesa che rappresenta ancora il cuore del paese.<br>Le sue origini si perdono nel tempo. San Vincenzo \u00e8 la pi\u00f9 antica chiesa del paese, anzi pare sia stata la prima chiesa parrocchiale. Nominata in un inventario del 1297, essa sovrasta dalla sommit\u00e0 di una collina, in dialetto &#8220;par munt&#8221;.<br>Frequentata e ben tenuta fino al &#8216;500, sub\u00ec la sorte di altre chiese, durante gli agitati anni di tale secolo, attraversato da guerre e pestilenze. Sub\u00ec un grave degrado, al punto che negli Atti della visita pastorale del vescovo mons. Feliciano Ninguarda nel 1592, appare come poco pi\u00f9 di una stalla, col cimitero attorno lasciato a libero pascolo.<br>\u00c8 stato merito dei nobili Lavizzari che la chiesa di San Vincenzo tornasse agli antichi splendori, nel &#8216;600, e di questo \u00e8 memoria la cappella sita sul lato destro entrando. I documenti delle visite pastorali del 1631 e del 1649 confermano gli intenti di miglioramento dei pavimenti, delle suppellettili, dei paramenti e dell&#8217;attigua sacrestia. Viene riferito di alcuni lavori di recupero sulla volta e sul soffitto a cassettoni \u00abrecentemente rinnovati e affrescati\u00bb.<br>Nel 1612, il 5 ottobre, \u00e8 testimoniata l&#8217;esistenza di una &#8220;Confraternita del Santo Crocefisso&#8221;, iscritta alla &#8220;Venerabile Arciconfraternita&#8221; di Roma legata al Crocifisso della chiesa di San Marcello al Corso.<br>Nella chiesa l&#8217;attenzione si concentra proprio sul Crocifisso, del Cinquecento, oggetto da secoli di devozione e, come ricorda il decreto del vescovo Macchi (\u00abche molte grazie ha sempre elargito il Santo Crocifisso in quell&#8217;Oratorio\u00bb), \u00abtaumaturgico\u00bb.<br>In una notte di marzo del 1935 don Luigi Bianchi, vicario parrocchiale che viveva nella casa annessa alla chiesa, si rese conto, a causa di sinistri scricchiolii, che la chiesa di San Vincenzo necessitava di urgenti riparazioni esterne. Nell&#8217;arco di un anno i restauri, sotto lo sguardo di don Luigi e dell&#8217;intraprendente fra&#8217; Vito Monti, trasformarono la chiesina nel Santuario del Crocifisso cos\u00ec caro ai Cermenatesi. In particolare la facciata fu arricchita di colonne e statue come appare oggi. Nel 1936 (27 maggio) la chiesa di San Vincenzo venne elevata a &#8220;Santuario del Santo Crocifisso&#8221;, con decreto del vescovo di Como, mons. Alessandro Macchi.<\/p>\n\n\n\n<p><strong>S.Vincenzo Chiesa giubilare<\/strong>, a settembre 2000.<br>In occasione del Giubileo, e su richiesta di don Vittorio Bianchi, il Vescovo mons. Alessandro Maggiolini, in data 2 maggio 2000, ha elevato la chiesa di San Vincenzo, quale Santuario del Santo Crocifisso, a chiesa giubilare, \u00ablimitatamente ai giorni dal 14 al 17 settembre 2000\u00bb, cio\u00e8 nei giorni nei quali si celebra la festa dell&#8217;Esaltazione della Croce e del Santo Crocefisso di Cermenate.<\/p>\n\n\n\n<p class=\"has-superbfont-tiny-font-size\">Indirizzo: Cermenate, piazza San Vincenzo snc.<\/p>\n\n\n\n<figure class=\"wp-block-image size-full\"><img loading=\"lazy\" decoding=\"async\" width=\"1107\" height=\"700\" src=\"http:\/\/wp.parrocchiadicermenate.it\/wp-content\/uploads\/2024\/07\/sanvincenzo_particolare3.jpg\" alt=\"\" class=\"wp-image-71\"\/><figcaption class=\"wp-element-caption\">Parrocchia di Cermenate &#8211; Diocesi di Como: Rione Parmunt chiesa di San Vincenzo (particolare vista storica, ancora con la facciata semplice)<\/figcaption><\/figure>\n\n\n\n<figure class=\"wp-block-image size-full\"><img loading=\"lazy\" decoding=\"async\" width=\"1133\" height=\"721\" src=\"http:\/\/wp.parrocchiadicermenate.it\/wp-content\/uploads\/2024\/07\/sanvincenzo_particolare2.jpg\" alt=\"\" class=\"wp-image-70\"\/><figcaption class=\"wp-element-caption\">Parrocchia di Cermenate &#8211; Diocesi di Como: Rione Parmunt chiesa di San Vincenzo (particolare vista storica)<\/figcaption><\/figure>\n\n\n\n<div class=\"wp-block-columns is-layout-flex wp-container-core-columns-is-layout-28f84493 wp-block-columns-is-layout-flex\">\n<div class=\"wp-block-column is-layout-flow wp-block-column-is-layout-flow\">\n<figure class=\"wp-block-image size-full\"><img loading=\"lazy\" decoding=\"async\" width=\"1696\" height=\"2544\" src=\"http:\/\/wp.parrocchiadicermenate.it\/wp-content\/uploads\/2024\/07\/sanvincenzo_particolare.jpg\" alt=\"\" class=\"wp-image-69\"\/><figcaption class=\"wp-element-caption\">Parrocchia di Cermenate &#8211; Diocesi di Como: Rione Parmunt chiesa di San Vincenzo (particolare dell&#8217;altare maggiore con il SS Crocifisso)<\/figcaption><\/figure>\n\n\n\n<figure class=\"wp-block-image size-full\"><img loading=\"lazy\" decoding=\"async\" width=\"4128\" height=\"2322\" src=\"https:\/\/wp.parrocchiadicermenate.it\/wp-content\/uploads\/2024\/10\/20210407_144619.jpg\" alt=\"\" class=\"wp-image-298\"\/><figcaption class=\"wp-element-caption\">Parrocchia di Cermenate &#8211; Diocesi di Como: Rione Parmunt chiesa di San Vincenzo <\/figcaption><\/figure>\n<\/div>\n\n\n\n<div class=\"wp-block-column is-layout-flow wp-block-column-is-layout-flow\">\n<figure class=\"wp-block-image size-full\"><img loading=\"lazy\" decoding=\"async\" width=\"1696\" height=\"2544\" src=\"http:\/\/wp.parrocchiadicermenate.it\/wp-content\/uploads\/2024\/07\/sanvincenzo_particolare-stendardo.jpg\" alt=\"\" class=\"wp-image-94\"\/><figcaption class=\"wp-element-caption\">Parrocchia di Cermenate &#8211; Diocesi di Como: Rione Parmunt chiesa di San Vincenzo (stendardo con i santi Vito, Modesto, Crescenzia e Vincenzo)<\/figcaption><\/figure>\n\n\n\n<figure class=\"wp-block-image size-full\"><img loading=\"lazy\" decoding=\"async\" width=\"2560\" height=\"1440\" src=\"https:\/\/wp.parrocchiadicermenate.it\/wp-content\/uploads\/2024\/10\/20241022_181944.jpg\" alt=\"\" class=\"wp-image-299\"\/><figcaption class=\"wp-element-caption\">Parrocchia di Cermenate &#8211; Diocesi di Como: Rione Parmunt chiesa di San Vincenzo. I santi in facciata: san Luigi Gonzaga (alto sin.); san ? (alto destra); sant&#8217;Anna con la figlia Maria (basso sin.); san Francesco (basso destra); in piccolo, sopra il portone, san Vincenzo.<\/figcaption><\/figure>\n<\/div>\n<\/div>\n","protected":false},"excerpt":{"rendered":"<p>NOTIZIE STORICHEEsiste a Parmunt, il rione pi\u00f9 elevato di Cermenate, una piccola chiesa che rappresenta ancora il cuore del paese.Le sue origini si perdono nel tempo. San Vincenzo \u00e8 la pi\u00f9 antica chiesa del paese, anzi pare sia stata la prima chiesa parrocchiale. Nominata in un inventario del 1297, essa sovrasta dalla sommit\u00e0 di una [&hellip;]<\/p>\n","protected":false},"author":1,"featured_media":0,"parent":0,"menu_order":0,"comment_status":"closed","ping_status":"open","template":"","meta":{"footnotes":""},"class_list":["post-68","page","type-page","status-publish","hentry"],"_links":{"self":[{"href":"https:\/\/parrocchiadicermenate.it\/index.php?rest_route=\/wp\/v2\/pages\/68","targetHints":{"allow":["GET"]}}],"collection":[{"href":"https:\/\/parrocchiadicermenate.it\/index.php?rest_route=\/wp\/v2\/pages"}],"about":[{"href":"https:\/\/parrocchiadicermenate.it\/index.php?rest_route=\/wp\/v2\/types\/page"}],"author":[{"embeddable":true,"href":"https:\/\/parrocchiadicermenate.it\/index.php?rest_route=\/wp\/v2\/users\/1"}],"replies":[{"embeddable":true,"href":"https:\/\/parrocchiadicermenate.it\/index.php?rest_route=%2Fwp%2Fv2%2Fcomments&post=68"}],"version-history":[{"count":8,"href":"https:\/\/parrocchiadicermenate.it\/index.php?rest_route=\/wp\/v2\/pages\/68\/revisions"}],"predecessor-version":[{"id":300,"href":"https:\/\/parrocchiadicermenate.it\/index.php?rest_route=\/wp\/v2\/pages\/68\/revisions\/300"}],"wp:attachment":[{"href":"https:\/\/parrocchiadicermenate.it\/index.php?rest_route=%2Fwp%2Fv2%2Fmedia&parent=68"}],"curies":[{"name":"wp","href":"https:\/\/api.w.org\/{rel}","templated":true}]}}