{"id":82,"date":"2024-07-12T16:47:08","date_gmt":"2024-07-12T14:47:08","guid":{"rendered":"https:\/\/wp.parrocchiadicermenate.it\/?page_id=82"},"modified":"2024-10-24T00:46:36","modified_gmt":"2024-10-23T22:46:36","slug":"san-maurizio-san-bernardo-santa-maria-in-campo","status":"publish","type":"page","link":"https:\/\/parrocchiadicermenate.it\/?page_id=82","title":{"rendered":"San Maurizio, San Bernardo, Santa Maria in campo"},"content":{"rendered":"\n<p><strong>SAN MAURIZIO<\/strong><br>Fu la chiesa del castello e la pi\u00f9 ricca di terre. Si parla di essa gi\u00e0 nel 1207; sorgeva nel punto pi\u00f9 elevato del colle, ed aveva una facciata molto pregevole per valore artistico.<br>Ci rimane oggi solo il coro, trasformato in casa colonica. Era patronato dalla famiglia Visconti e fino al 1770 ebbe un proprio campanaro stipendiato dal comune.<\/p>\n\n\n\n<p class=\"has-superbfont-tiny-font-size\">Indirizzo: Cermenate, vicolo Busa 5\/7.<\/p>\n\n\n\n<p><strong>SAN BERNARDO<\/strong><br>Anche questa chiesa \u00e8 andata completamente distrutta.<br>Aveva un discreto beneficio, goduto un tempo dai Lavizzari, e poi incorporato alla cappella della SS. Trinit\u00e0 in San Vito.<\/p>\n\n\n\n<p><strong>SANTA MARIA IN CAMPO<\/strong><br>La prima presenza dei Frati a Cermenate risale al 1493, quando il Comune don\u00f2 loro una piccola chiesetta dedicata a \u201cSanta Maria in Campo\u201d. La chiesa fu poi ampliata e venne costruito un grande convento. La vita e l\u2019attivit\u00e0 dei Frati crebbe e si svilupp\u00f2 fino a quando, il 20 agosto 1805, con il primo editto della soppressione napoleonica, i Frati furono cacciati e tutto fu confiscato dall\u2019autorit\u00e0 civile: nel giro di pochi anni la chiesa fu demolita, il convento divent\u00f2 casa colonica di un privato, i preziosi libri della biblioteca, gli arredi liturgici, le opere d\u2019arte furono venduti o dispersi. Sopravvissero solo alcuni affreschi seicenteschi che adornavano il chiostro raffiguranti alcuni episodi della vita di San Francesco. Nel 1988 sono stati recuperati con il procedimento dello strappo, restaurati e affidati in custodia al nuovo Convento del Sacro Cuore in via Montebello.<\/p>\n\n\n\n<p class=\"has-superbfont-tiny-font-size\">Indirizzo: Cermenate, via Santa Maria in Campo 54.<\/p>\n\n\n\n<p><strong>CAPPELLINA DELLA MADONNA NEI PRESSI DI SANTA MARIA IN CAMPO<\/strong> <br>L&#8217;edicola fu eretta presumibilmente nel XVIII secolo nella zona di S. Maria in Campo, all&#8217;incrocio con l&#8217;antica e trafficata strada &#8220;della Traversagna&#8221; che collegava Cermenate a Lomazzo, ed era meta della processione delle rogazioni di maggio.<\/p>\n\n\n\n<p>Sacrificata nel 1969 durante la costruzione della nuova Provinciale, essa conservava una statuetta lignea della Madonna delle Grazie, probabilmente settecentesca, che fu collocata nell&#8217;antica cantina del convento, restaurata e mutata in cripta nel 1978 per dare una degna sede al simulacro.<\/p>\n\n\n\n<div class=\"wp-block-group is-nowrap is-layout-flex wp-container-core-group-is-layout-6c531013 wp-block-group-is-layout-flex\">\n<figure class=\"wp-block-image size-full\"><img loading=\"lazy\" decoding=\"async\" width=\"555\" height=\"640\" src=\"http:\/\/wp.parrocchiadicermenate.it\/wp-content\/uploads\/2024\/07\/santamariaincampo.jpg\" alt=\"\" class=\"wp-image-84\"\/><figcaption class=\"wp-element-caption\">Parrocchia di Cermenate, Diocesi di Como, ex convento di Santa Maria in campo.<\/figcaption><\/figure>\n\n\n\n<figure class=\"wp-block-image size-full\"><img loading=\"lazy\" decoding=\"async\" width=\"555\" height=\"640\" src=\"http:\/\/wp.parrocchiadicermenate.it\/wp-content\/uploads\/2024\/07\/sanmau.jpg\" alt=\"\" class=\"wp-image-44\"\/><figcaption class=\"wp-element-caption\">Parrocchia di Cermenate, Diocesi di Como, ex chiesa di San Maurizio &#8211; rione Castello.<\/figcaption><\/figure>\n<\/div>\n","protected":false},"excerpt":{"rendered":"<p>SAN MAURIZIOFu la chiesa del castello e la pi\u00f9 ricca di terre. Si parla di essa gi\u00e0 nel 1207; sorgeva nel punto pi\u00f9 elevato del colle, ed aveva una facciata molto pregevole per valore artistico.Ci rimane oggi solo il coro, trasformato in casa colonica. Era patronato dalla famiglia Visconti e fino al 1770 ebbe un [&hellip;]<\/p>\n","protected":false},"author":1,"featured_media":0,"parent":0,"menu_order":0,"comment_status":"closed","ping_status":"open","template":"","meta":{"footnotes":""},"class_list":["post-82","page","type-page","status-publish","hentry"],"_links":{"self":[{"href":"https:\/\/parrocchiadicermenate.it\/index.php?rest_route=\/wp\/v2\/pages\/82","targetHints":{"allow":["GET"]}}],"collection":[{"href":"https:\/\/parrocchiadicermenate.it\/index.php?rest_route=\/wp\/v2\/pages"}],"about":[{"href":"https:\/\/parrocchiadicermenate.it\/index.php?rest_route=\/wp\/v2\/types\/page"}],"author":[{"embeddable":true,"href":"https:\/\/parrocchiadicermenate.it\/index.php?rest_route=\/wp\/v2\/users\/1"}],"replies":[{"embeddable":true,"href":"https:\/\/parrocchiadicermenate.it\/index.php?rest_route=%2Fwp%2Fv2%2Fcomments&post=82"}],"version-history":[{"count":4,"href":"https:\/\/parrocchiadicermenate.it\/index.php?rest_route=\/wp\/v2\/pages\/82\/revisions"}],"predecessor-version":[{"id":302,"href":"https:\/\/parrocchiadicermenate.it\/index.php?rest_route=\/wp\/v2\/pages\/82\/revisions\/302"}],"wp:attachment":[{"href":"https:\/\/parrocchiadicermenate.it\/index.php?rest_route=%2Fwp%2Fv2%2Fmedia&parent=82"}],"curies":[{"name":"wp","href":"https:\/\/api.w.org\/{rel}","templated":true}]}}